{"id":2075,"date":"2025-05-08T12:54:10","date_gmt":"2025-05-08T15:54:10","guid":{"rendered":"https:\/\/proffixo.com.br\/?page_id=2075"},"modified":"2025-06-18T14:38:45","modified_gmt":"2025-06-18T17:38:45","slug":"engrenagem-dentes-helicoidais-relacao-1-2","status":"publish","type":"page","link":"https:\/\/proffixo.com.br\/index.php\/engrenagem-dentes-helicoidais-relacao-1-2\/","title":{"rendered":"ENGRENAGEM DENTES HELICOIDAIS &#8211; RELA\u00c7\u00c3O 1.2"},"content":{"rendered":"\n<h2 class=\"wp-block-heading has-text-align-center\"><strong>   <\/strong> RELA\u00c7\u00c3O 1.2 &#8211; ENGRENAGEM C\u00d4NICA DE DENTES HELICOIDAIS<\/h2>\n\n\n\n<div id=\"wp-block-themeisle-blocks-advanced-columns-2994f76f\" class=\"wp-block-themeisle-blocks-advanced-columns has-4-columns has-desktop-equal-layout has-tablet-equal-layout has-mobile-collapsedRows-layout has-vertical-unset\"><div class=\"wp-block-themeisle-blocks-advanced-columns-overlay\"><\/div><div class=\"innerblocks-wrap\">\n<div id=\"wp-block-themeisle-blocks-advanced-column-99ddacb2\" class=\"wp-block-themeisle-blocks-advanced-column\">\n<figure data-wp-context=\"{&quot;imageId&quot;:&quot;69e4e6fdf0444&quot;}\" data-wp-interactive=\"core\/image\" data-wp-key=\"69e4e6fdf0444\" class=\"wp-block-image size-full wp-lightbox-container\"><img loading=\"lazy\" decoding=\"async\" width=\"639\" height=\"373\" data-wp-class--hide=\"state.isContentHidden\" data-wp-class--show=\"state.isContentVisible\" data-wp-init=\"callbacks.setButtonStyles\" data-wp-on--click=\"actions.showLightbox\" data-wp-on--load=\"callbacks.setButtonStyles\" data-wp-on-window--resize=\"callbacks.setButtonStyles\" src=\"https:\/\/proffixo.com.br\/wp-content\/uploads\/2025\/06\/Captura-de-tela-2025-06-18-143718.png\" alt=\"\" class=\"wp-image-5214\" srcset=\"https:\/\/proffixo.com.br\/wp-content\/uploads\/2025\/06\/Captura-de-tela-2025-06-18-143718.png 639w, https:\/\/proffixo.com.br\/wp-content\/uploads\/2025\/06\/Captura-de-tela-2025-06-18-143718-300x175.png 300w\" sizes=\"auto, (max-width: 639px) 100vw, 639px\" \/><button\n\t\t\tclass=\"lightbox-trigger\"\n\t\t\ttype=\"button\"\n\t\t\taria-haspopup=\"dialog\"\n\t\t\taria-label=\"Ampliar\"\n\t\t\tdata-wp-init=\"callbacks.initTriggerButton\"\n\t\t\tdata-wp-on--click=\"actions.showLightbox\"\n\t\t\tdata-wp-style--right=\"state.imageButtonRight\"\n\t\t\tdata-wp-style--top=\"state.imageButtonTop\"\n\t\t>\n\t\t\t<svg xmlns=\"http:\/\/www.w3.org\/2000\/svg\" width=\"12\" height=\"12\" fill=\"none\" viewBox=\"0 0 12 12\">\n\t\t\t\t<path fill=\"#fff\" d=\"M2 0a2 2 0 0 0-2 2v2h1.5V2a.5.5 0 0 1 .5-.5h2V0H2Zm2 10.5H2a.5.5 0 0 1-.5-.5V8H0v2a2 2 0 0 0 2 2h2v-1.5ZM8 12v-1.5h2a.5.5 0 0 0 .5-.5V8H12v2a2 2 0 0 1-2 2H8Zm2-12a2 2 0 0 1 2 2v2h-1.5V2a.5.5 0 0 0-.5-.5H8V0h2Z\" \/>\n\t\t\t<\/svg>\n\t\t<\/button><\/figure>\n<\/div>\n\n\n\n<div id=\"wp-block-themeisle-blocks-advanced-column-c78904ad\" class=\"wp-block-themeisle-blocks-advanced-column\">\n<figure data-wp-context=\"{&quot;imageId&quot;:&quot;69e4e6fdf0f2f&quot;}\" data-wp-interactive=\"core\/image\" data-wp-key=\"69e4e6fdf0f2f\" class=\"wp-block-image size-large wp-lightbox-container\"><img loading=\"lazy\" decoding=\"async\" width=\"1024\" height=\"1024\" data-wp-class--hide=\"state.isContentHidden\" data-wp-class--show=\"state.isContentVisible\" data-wp-init=\"callbacks.setButtonStyles\" data-wp-on--click=\"actions.showLightbox\" data-wp-on--load=\"callbacks.setButtonStyles\" data-wp-on-window--resize=\"callbacks.setButtonStyles\" src=\"https:\/\/proffixo.com.br\/wp-content\/uploads\/2025\/05\/FOTO-SITE-PROFFIXO-DESENHO-11-1024x1024.jpg\" alt=\"\" class=\"wp-image-2068\" srcset=\"https:\/\/proffixo.com.br\/wp-content\/uploads\/2025\/05\/FOTO-SITE-PROFFIXO-DESENHO-11-1024x1024.jpg 1024w, https:\/\/proffixo.com.br\/wp-content\/uploads\/2025\/05\/FOTO-SITE-PROFFIXO-DESENHO-11-300x300.jpg 300w, https:\/\/proffixo.com.br\/wp-content\/uploads\/2025\/05\/FOTO-SITE-PROFFIXO-DESENHO-11-150x150.jpg 150w, https:\/\/proffixo.com.br\/wp-content\/uploads\/2025\/05\/FOTO-SITE-PROFFIXO-DESENHO-11-768x768.jpg 768w, https:\/\/proffixo.com.br\/wp-content\/uploads\/2025\/05\/FOTO-SITE-PROFFIXO-DESENHO-11.jpg 1080w\" sizes=\"auto, (max-width: 1024px) 100vw, 1024px\" \/><button\n\t\t\tclass=\"lightbox-trigger\"\n\t\t\ttype=\"button\"\n\t\t\taria-haspopup=\"dialog\"\n\t\t\taria-label=\"Ampliar\"\n\t\t\tdata-wp-init=\"callbacks.initTriggerButton\"\n\t\t\tdata-wp-on--click=\"actions.showLightbox\"\n\t\t\tdata-wp-style--right=\"state.imageButtonRight\"\n\t\t\tdata-wp-style--top=\"state.imageButtonTop\"\n\t\t>\n\t\t\t<svg xmlns=\"http:\/\/www.w3.org\/2000\/svg\" width=\"12\" height=\"12\" fill=\"none\" viewBox=\"0 0 12 12\">\n\t\t\t\t<path fill=\"#fff\" d=\"M2 0a2 2 0 0 0-2 2v2h1.5V2a.5.5 0 0 1 .5-.5h2V0H2Zm2 10.5H2a.5.5 0 0 1-.5-.5V8H0v2a2 2 0 0 0 2 2h2v-1.5ZM8 12v-1.5h2a.5.5 0 0 0 .5-.5V8H12v2a2 2 0 0 1-2 2H8Zm2-12a2 2 0 0 1 2 2v2h-1.5V2a.5.5 0 0 0-.5-.5H8V0h2Z\" \/>\n\t\t\t<\/svg>\n\t\t<\/button><\/figure>\n<\/div>\n\n\n\n<div id=\"wp-block-themeisle-blocks-advanced-column-281997c1\" class=\"wp-block-themeisle-blocks-advanced-column\"><div class=\"wp-block-image\">\n<figure class=\"aligncenter size-large\"><a href=\"https:\/\/proffixo.com.br\/wp-content\/uploads\/2025\/05\/RELACAO-1.2-DENTES-HELICOIDAIS.pdf\" target=\"_blank\" rel=\" noreferrer noopener\"><img loading=\"lazy\" decoding=\"async\" width=\"1024\" height=\"1024\" src=\"https:\/\/proffixo.com.br\/wp-content\/uploads\/2025\/04\/3-1024x1024.jpg\" alt=\"\" class=\"wp-image-1041\" srcset=\"https:\/\/proffixo.com.br\/wp-content\/uploads\/2025\/04\/3-1024x1024.jpg 1024w, https:\/\/proffixo.com.br\/wp-content\/uploads\/2025\/04\/3-300x300.jpg 300w, https:\/\/proffixo.com.br\/wp-content\/uploads\/2025\/04\/3-150x150.jpg 150w, https:\/\/proffixo.com.br\/wp-content\/uploads\/2025\/04\/3-768x768.jpg 768w, https:\/\/proffixo.com.br\/wp-content\/uploads\/2025\/04\/3.jpg 1080w\" sizes=\"auto, (max-width: 1024px) 100vw, 1024px\" \/><\/a><\/figure>\n<\/div><\/div>\n\n\n\n<div id=\"wp-block-themeisle-blocks-advanced-column-f8a07fff\" class=\"wp-block-themeisle-blocks-advanced-column\">\n<figure data-wp-context=\"{&quot;imageId&quot;:&quot;69e4e6fdf1baa&quot;}\" data-wp-interactive=\"core\/image\" data-wp-key=\"69e4e6fdf1baa\" class=\"wp-block-image size-large wp-lightbox-container\"><img loading=\"lazy\" decoding=\"async\" width=\"1024\" height=\"1024\" data-wp-class--hide=\"state.isContentHidden\" data-wp-class--show=\"state.isContentVisible\" data-wp-init=\"callbacks.setButtonStyles\" data-wp-on--click=\"actions.showLightbox\" data-wp-on--load=\"callbacks.setButtonStyles\" data-wp-on-window--resize=\"callbacks.setButtonStyles\" src=\"https:\/\/proffixo.com.br\/wp-content\/uploads\/2025\/05\/DESCRICAO-SITE-PROFFIXO-1-46-1024x1024.jpg\" alt=\"\" class=\"wp-image-2077\" srcset=\"https:\/\/proffixo.com.br\/wp-content\/uploads\/2025\/05\/DESCRICAO-SITE-PROFFIXO-1-46-1024x1024.jpg 1024w, https:\/\/proffixo.com.br\/wp-content\/uploads\/2025\/05\/DESCRICAO-SITE-PROFFIXO-1-46-300x300.jpg 300w, https:\/\/proffixo.com.br\/wp-content\/uploads\/2025\/05\/DESCRICAO-SITE-PROFFIXO-1-46-150x150.jpg 150w, https:\/\/proffixo.com.br\/wp-content\/uploads\/2025\/05\/DESCRICAO-SITE-PROFFIXO-1-46-768x768.jpg 768w, https:\/\/proffixo.com.br\/wp-content\/uploads\/2025\/05\/DESCRICAO-SITE-PROFFIXO-1-46.jpg 1080w\" sizes=\"auto, (max-width: 1024px) 100vw, 1024px\" \/><button\n\t\t\tclass=\"lightbox-trigger\"\n\t\t\ttype=\"button\"\n\t\t\taria-haspopup=\"dialog\"\n\t\t\taria-label=\"Ampliar\"\n\t\t\tdata-wp-init=\"callbacks.initTriggerButton\"\n\t\t\tdata-wp-on--click=\"actions.showLightbox\"\n\t\t\tdata-wp-style--right=\"state.imageButtonRight\"\n\t\t\tdata-wp-style--top=\"state.imageButtonTop\"\n\t\t>\n\t\t\t<svg xmlns=\"http:\/\/www.w3.org\/2000\/svg\" width=\"12\" height=\"12\" fill=\"none\" viewBox=\"0 0 12 12\">\n\t\t\t\t<path fill=\"#fff\" d=\"M2 0a2 2 0 0 0-2 2v2h1.5V2a.5.5 0 0 1 .5-.5h2V0H2Zm2 10.5H2a.5.5 0 0 1-.5-.5V8H0v2a2 2 0 0 0 2 2h2v-1.5ZM8 12v-1.5h2a.5.5 0 0 0 .5-.5V8H12v2a2 2 0 0 1-2 2H8Zm2-12a2 2 0 0 1 2 2v2h-1.5V2a.5.5 0 0 0-.5-.5H8V0h2Z\" \/>\n\t\t\t<\/svg>\n\t\t<\/button><\/figure>\n<\/div>\n<\/div><\/div>\n","protected":false},"excerpt":{"rendered":"<p>RELA\u00c7\u00c3O 1.2 &#8211; ENGRENAGEM C\u00d4NICA DE DENTES HELICOIDAIS<\/p>\n","protected":false},"author":1,"featured_media":0,"parent":0,"menu_order":0,"comment_status":"closed","ping_status":"closed","template":"","meta":{"_themeisle_gutenberg_block_has_review":false,"footnotes":""},"class_list":["post-2075","page","type-page","status-publish","hentry"],"_links":{"self":[{"href":"https:\/\/proffixo.com.br\/index.php\/wp-json\/wp\/v2\/pages\/2075","targetHints":{"allow":["GET"]}}],"collection":[{"href":"https:\/\/proffixo.com.br\/index.php\/wp-json\/wp\/v2\/pages"}],"about":[{"href":"https:\/\/proffixo.com.br\/index.php\/wp-json\/wp\/v2\/types\/page"}],"author":[{"embeddable":true,"href":"https:\/\/proffixo.com.br\/index.php\/wp-json\/wp\/v2\/users\/1"}],"replies":[{"embeddable":true,"href":"https:\/\/proffixo.com.br\/index.php\/wp-json\/wp\/v2\/comments?post=2075"}],"version-history":[{"count":2,"href":"https:\/\/proffixo.com.br\/index.php\/wp-json\/wp\/v2\/pages\/2075\/revisions"}],"predecessor-version":[{"id":5215,"href":"https:\/\/proffixo.com.br\/index.php\/wp-json\/wp\/v2\/pages\/2075\/revisions\/5215"}],"wp:attachment":[{"href":"https:\/\/proffixo.com.br\/index.php\/wp-json\/wp\/v2\/media?parent=2075"}],"curies":[{"name":"wp","href":"https:\/\/api.w.org\/{rel}","templated":true}]}}