{"id":2241,"date":"2025-05-09T14:03:15","date_gmt":"2025-05-09T17:03:15","guid":{"rendered":"https:\/\/proffixo.com.br\/?page_id=2241"},"modified":"2025-05-15T10:04:09","modified_gmt":"2025-05-15T13:04:09","slug":"esferas-transferidoras","status":"publish","type":"page","link":"https:\/\/proffixo.com.br\/index.php\/esferas-transferidoras\/","title":{"rendered":"ESFERAS TRANSFERIDORAS"},"content":{"rendered":"<h2 class=\"has-text-align-center alignwide wp-block-post-title\">ESFERAS TRANSFERIDORAS<\/h2>\n\n\n<p><\/p>\n\n\n\n<details class=\"wp-block-details is-layout-flow wp-block-details-is-layout-flow\"><summary>Esfera <\/summary>\n<p><a href=\"https:\/\/proffixo.com.br\/index.php\/esfera-2\/\">Esfera<\/a><\/p>\n<\/details>\n\n\n\n<details class=\"wp-block-details is-layout-flow wp-block-details-is-layout-flow\"><summary>Esferas de A\u00e7o<\/summary>\n<p><a href=\"https:\/\/proffixo.com.br\/index.php\/esferas-de-aco\/\">Esferas de A\u00e7o<\/a><\/p>\n<\/details>\n\n\n\n<details class=\"wp-block-details is-layout-flow wp-block-details-is-layout-flow\"><summary>Esferas Pl\u00e1sticas<\/summary>\n<p><a href=\"https:\/\/proffixo.com.br\/index.php\/esferas-plasticas-2\/\">Esferas Pl\u00e1sticas<\/a><\/p>\n<\/details>\n\n\n\n<details class=\"wp-block-details is-layout-flow wp-block-details-is-layout-flow\"><summary>Esferas para Braille<\/summary>\n<p><a href=\"https:\/\/proffixo.com.br\/index.php\/esferas-para-braille\/\">Esferas para Braille<\/a><\/p>\n<\/details>\n\n\n\n<details class=\"wp-block-details is-layout-flow wp-block-details-is-layout-flow\"><summary>Mini Esferas Transferidoras<\/summary>\n<p><a href=\"https:\/\/proffixo.com.br\/index.php\/mini-esfera-transferidora-2\/\">Mini Esferas Transferidoras<\/a><\/p>\n<\/details>\n\n\n\n<details class=\"wp-block-details is-layout-flow wp-block-details-is-layout-flow\"><summary>Esferas Transferidoras com Pino Roscado<\/summary>\n<p><a href=\"https:\/\/proffixo.com.br\/index.php\/esfera-transferidora-pino-roscado\/\">Esferas Transferidoras com Pino Roscado<\/a><\/p>\n<\/details>\n\n\n\n<details class=\"wp-block-details is-layout-flow wp-block-details-is-layout-flow\"><summary>Esferas Transferidoras para Carga Pesada<\/summary>\n<p><a href=\"https:\/\/proffixo.com.br\/index.php\/esfera-transferidora-para-carga-pesada-2\/\">Esferas Transferidoras para Carga Pesada<\/a><\/p>\n<\/details>\n\n\n\n<details class=\"wp-block-details is-layout-flow wp-block-details-is-layout-flow\"><summary>Esfera Transferidora com Elementos de Mola<\/summary>\n<p><a href=\"https:\/\/proffixo.com.br\/index.php\/esfera-transferidora-com-elementos-de-mola-2\/\">Esfera Transferidora com Elementos de Mola<\/a><\/p>\n<\/details>\n\n\n\n<details class=\"wp-block-details is-layout-flow wp-block-details-is-layout-flow\"><summary>Esfera Transferidora com Carca\u00e7a em Pl\u00e1stico<\/summary>\n<p><a href=\"https:\/\/proffixo.com.br\/index.php\/esfera-transferidora-carcaca-em-plastico\/\">Esfera Transferidora com Carca\u00e7a em Pl\u00e1stico<\/a><\/p>\n<\/details>\n\n\n\n<details class=\"wp-block-details is-layout-flow wp-block-details-is-layout-flow\"><summary>Esferas Transferidoras com Elementos de Fixa\u00e7\u00e3o<\/summary>\n<p><a href=\"https:\/\/proffixo.com.br\/index.php\/esfera-transferidora-com-elemento-de-fixacao\/\">Esferas Transferidoras com Elementos de Fixa\u00e7\u00e3o<\/a><\/p>\n<\/details>\n\n\n\n<details class=\"wp-block-details is-layout-flow wp-block-details-is-layout-flow\"><summary>Esferas Transferidoras de A\u00e7o com Esfera Encaix\u00e1vel<\/summary>\n<p><a href=\"https:\/\/proffixo.com.br\/index.php\/esfera-transferidora-de-aco-com-esfera-encaixavel-2\/\">Esferas Transferidoras de A\u00e7o com Esfera Encaix\u00e1vel<\/a><\/p>\n<\/details>\n\n\n\n<details class=\"wp-block-details is-layout-flow wp-block-details-is-layout-flow\"><summary>Esferas Transferidoras com Furos de Fixa\u00e7\u00e3o sem Carca\u00e7a<\/summary>\n<p><a href=\"https:\/\/proffixo.com.br\/index.php\/esfera-transferidora-com-furos-de-fixacao-sem-carcaca\/\">Esferas Transferidoras com Furos de Fixa\u00e7\u00e3o sem Carca\u00e7a<\/a><\/p>\n<\/details>\n\n\n\n<details class=\"wp-block-details is-layout-flow wp-block-details-is-layout-flow\"><summary>Esferas Transferidoras para Carga Pesada &#8211; \u00c1reas Externas<\/summary>\n<p><a href=\"https:\/\/proffixo.com.br\/index.php\/esfera-transferidora-para-carga-pesada-area-externa-2\/\">Esferas Transferidoras para Carga Pesada &#8211; \u00c1reas Externas<\/a><\/p>\n<\/details>\n\n\n\n<details class=\"wp-block-details is-layout-flow wp-block-details-is-layout-flow\"><summary>Esferas Transferidoras com Carca\u00e7a de Alojamento em A\u00e7o Maci\u00e7o<\/summary>\n<p><a href=\"https:\/\/proffixo.com.br\/index.php\/esfera-transferidora-com-carcaca-de-alojamento-em-aco-macico\/\">Esferas Transferidoras com Carca\u00e7a de Alojamento em A\u00e7o Maci\u00e7o<\/a><\/p>\n<\/details>\n\n\n\n<details class=\"wp-block-details is-layout-flow wp-block-details-is-layout-flow\"><summary>Esfera Transferidora com Carca\u00e7a de Alojamento em Chapa de A\u00e7o<\/summary>\n<p><a href=\"https:\/\/proffixo.com.br\/index.php\/esfera-transferidora-com-carcaca-de-alojamento-em-chapa-de-aco\/\">Esfera Transferidora com Carca\u00e7a de Alojamento em Chapa de A\u00e7o<\/a><\/p>\n<\/details>\n\n\n\n<details class=\"wp-block-details is-layout-flow wp-block-details-is-layout-flow\"><summary>Esfera Transferidora com Carca\u00e7a de Alojamento em Chapa de A\u00e7o e Esfera em Pl\u00e1stico<br><\/summary>\n<p><a href=\"https:\/\/proffixo.com.br\/index.php\/esfera-transferidora-com-carcaca-de-alojamento-em-chapa-de-aco-e-esfera-em-plastico-2\/\">Esfera Transferidora com Carca\u00e7a de Alojamento em Chapa de A\u00e7o e Esfera em Pl\u00e1stico<\/a><br><\/p>\n<\/details>\n\n\n\n<p><\/p>\n","protected":false},"excerpt":{"rendered":"","protected":false},"author":1,"featured_media":0,"parent":0,"menu_order":0,"comment_status":"closed","ping_status":"closed","template":"","meta":{"_themeisle_gutenberg_block_has_review":false,"footnotes":""},"class_list":["post-2241","page","type-page","status-publish","hentry"],"_links":{"self":[{"href":"https:\/\/proffixo.com.br\/index.php\/wp-json\/wp\/v2\/pages\/2241","targetHints":{"allow":["GET"]}}],"collection":[{"href":"https:\/\/proffixo.com.br\/index.php\/wp-json\/wp\/v2\/pages"}],"about":[{"href":"https:\/\/proffixo.com.br\/index.php\/wp-json\/wp\/v2\/types\/page"}],"author":[{"embeddable":true,"href":"https:\/\/proffixo.com.br\/index.php\/wp-json\/wp\/v2\/users\/1"}],"replies":[{"embeddable":true,"href":"https:\/\/proffixo.com.br\/index.php\/wp-json\/wp\/v2\/comments?post=2241"}],"version-history":[{"count":17,"href":"https:\/\/proffixo.com.br\/index.php\/wp-json\/wp\/v2\/pages\/2241\/revisions"}],"predecessor-version":[{"id":3506,"href":"https:\/\/proffixo.com.br\/index.php\/wp-json\/wp\/v2\/pages\/2241\/revisions\/3506"}],"wp:attachment":[{"href":"https:\/\/proffixo.com.br\/index.php\/wp-json\/wp\/v2\/media?parent=2241"}],"curies":[{"name":"wp","href":"https:\/\/api.w.org\/{rel}","templated":true}]}}