{"id":6356,"date":"2025-11-06T14:13:08","date_gmt":"2025-11-06T17:13:08","guid":{"rendered":"https:\/\/proffixo.com.br\/?page_id=6356"},"modified":"2025-11-17T09:22:58","modified_gmt":"2025-11-17T12:22:58","slug":"heico-look","status":"publish","type":"page","link":"https:\/\/proffixo.com.br\/index.php\/heico-look\/","title":{"rendered":"HEICO-LOCK &#8211; ARRUELA POR CUNHA"},"content":{"rendered":"<div id=\"anchor_cc4c01a0\" class=\"elementHeadline elementHeadline_var0  elementHeadlineAlign_var0 elementHeadlineColor_var91 elementHeadlinePrimaryStyle_var0 elementHeadlineLevel_varh1\" data-id=\"anchor_cc4c01a0_HEICO-LOCK\">\n<h2 class=\"he\" style=\"text-align: left;\">HEICO-LOCK<sup>\u00ae<\/sup><\/h2>\n<\/div>\n<div id=\"anchor_a9d062d9\" class=\"elementHeadline elementHeadline_var0  elementHeadlineAlign_var0 elementHeadlineColor_var91 elementHeadlineFontWeight_var50 elementHeadlineLevel_varh2\" style=\"text-align: left;\" data-id=\"anchor_a9d062d9_Arruelas-de-travamento-por-cunha\">\n<h3 class=\"he\">Arruelas de travamento por cunha<\/h3>\n<\/div>\n<div class=\"elementStandard elementContent elementContainerStandard elementContainerStandard_var0  elementContainerStandardPadding_var80 elementContainerStandardColumns_var10004 elementContainerStandardColumns elementContainerStandardColumns2\">\n<div class=\"col col1\">\n<div>\n<div class=\"elementText elementText_var0  first-child last-child\">\n<p style=\"text-align: left;\"><strong>Mesmo sob condi\u00e7\u00f5es extremas de vibra\u00e7\u00e3o ou cargas din\u00e2micas, o HEICO-LOCK<sup>\u00ae<\/sup>, o Sistema de Travamento por Cunha fornece o m\u00e1ximo de confiabilidade<\/strong><strong>.<\/strong><\/p>\n<p style=\"text-align: left;\">Quando o parafuso \u00e9 fixado, os dentes radiais externos do Sistema de travamento por cunha da HEICO-LOCK<sup>\u00ae<\/sup> inseridos neles mesmos, funcionam em uma forma de interbloqueio com sua superf\u00edcie de contato.<br \/>Se o sistema de seguran\u00e7a estiver sujeito a tens\u00e3o din\u00e2mica, o movimento \u00e9 somente poss\u00edvel entre as superf\u00edcies internas das arruelas. Isso resulta em um aumento da for\u00e7a de fixa\u00e7\u00e3o.<\/p>\n<\/div>\n<\/div>\n<\/div>\n<\/div>\n\n\n<p><\/p>\n\n\n\n<div id=\"wp-block-themeisle-blocks-advanced-columns-09f641c5\" class=\"wp-block-themeisle-blocks-advanced-columns has-2-columns has-desktop-oneTwo-layout has-tablet-equal-layout has-mobile-collapsedRows-layout has-vertical-unset\"><div class=\"wp-block-themeisle-blocks-advanced-columns-overlay\"><\/div><div class=\"innerblocks-wrap\">\n<div id=\"wp-block-themeisle-blocks-advanced-column-da5a0519\" class=\"wp-block-themeisle-blocks-advanced-column\">\n<figure data-wp-context=\"{&quot;imageId&quot;:&quot;69e4e4a75eb68&quot;}\" data-wp-interactive=\"core\/image\" data-wp-key=\"69e4e4a75eb68\" class=\"wp-block-image size-full wp-lightbox-container\"><img loading=\"lazy\" decoding=\"async\" width=\"500\" height=\"500\" data-wp-class--hide=\"state.isContentHidden\" data-wp-class--show=\"state.isContentVisible\" data-wp-init=\"callbacks.setButtonStyles\" data-wp-on--click=\"actions.showLightbox\" data-wp-on--load=\"callbacks.setButtonStyles\" data-wp-on-window--resize=\"callbacks.setButtonStyles\" src=\"https:\/\/proffixo.com.br\/wp-content\/uploads\/2025\/11\/site.jpg\" alt=\"\" class=\"wp-image-6378\" srcset=\"https:\/\/proffixo.com.br\/wp-content\/uploads\/2025\/11\/site.jpg 500w, https:\/\/proffixo.com.br\/wp-content\/uploads\/2025\/11\/site-300x300.jpg 300w, https:\/\/proffixo.com.br\/wp-content\/uploads\/2025\/11\/site-150x150.jpg 150w\" sizes=\"auto, (max-width: 500px) 100vw, 500px\" \/><button\n\t\t\tclass=\"lightbox-trigger\"\n\t\t\ttype=\"button\"\n\t\t\taria-haspopup=\"dialog\"\n\t\t\taria-label=\"Ampliar\"\n\t\t\tdata-wp-init=\"callbacks.initTriggerButton\"\n\t\t\tdata-wp-on--click=\"actions.showLightbox\"\n\t\t\tdata-wp-style--right=\"state.imageButtonRight\"\n\t\t\tdata-wp-style--top=\"state.imageButtonTop\"\n\t\t>\n\t\t\t<svg xmlns=\"http:\/\/www.w3.org\/2000\/svg\" width=\"12\" height=\"12\" fill=\"none\" viewBox=\"0 0 12 12\">\n\t\t\t\t<path fill=\"#fff\" d=\"M2 0a2 2 0 0 0-2 2v2h1.5V2a.5.5 0 0 1 .5-.5h2V0H2Zm2 10.5H2a.5.5 0 0 1-.5-.5V8H0v2a2 2 0 0 0 2 2h2v-1.5ZM8 12v-1.5h2a.5.5 0 0 0 .5-.5V8H12v2a2 2 0 0 1-2 2H8Zm2-12a2 2 0 0 1 2 2v2h-1.5V2a.5.5 0 0 0-.5-.5H8V0h2Z\" \/>\n\t\t\t<\/svg>\n\t\t<\/button><\/figure>\n<\/div>\n\n\n\n<div id=\"wp-block-themeisle-blocks-advanced-column-6055f505\" class=\"wp-block-themeisle-blocks-advanced-column\">\n<figure class=\"wp-block-video\"><video height=\"720\" style=\"aspect-ratio: 1280 \/ 720;\" width=\"1280\" controls src=\"https:\/\/proffixo.com.br\/wp-content\/uploads\/2025\/11\/HEICO-LOCK\u00ae-Wedge-Locking-Systems-\u2022-Functional-Principle.mp4\"><\/video><\/figure>\n<\/div>\n<\/div><\/div>\n\n\n<ul>\n<li>Sistema certificado de parafusos de seguran\u00e7a, trabalhando em altos e baixos n\u00edveis de carga<\/li>\n<li>Particularmente aplic\u00e1vel para cargas din\u00e2micas &#8211; incluindo no uso de lubrificantes<\/li>\n<li>Pode ser reutilizado<\/li>\n<li>Muito f\u00e1cil de instalar e remover (Sistema de travamento por cunha s\u00e3o fornecidos em pares pr\u00e9-montados)<\/li>\n<li>Tamb\u00e9m apropriados para parafusos de alta tens\u00e3o de 8.8, 10.9 e 12.9 e suas respectivas porcas<\/li>\n<li>Dispon\u00edvel em a\u00e7o carbono ou a\u00e7o inoxid\u00e1vel com superf\u00edcies de contato largas ou estreitas &#8211; outros materiais est\u00e3o dispon\u00edveis mediante solicita\u00e7\u00e3o<\/li>\n<li>Dispon\u00edvel do M3 &#8211; M76 e \u00bc\u201d &#8211; 3\u201d- tamanhos personalizados mediante solicita\u00e7\u00e3o<\/li>\n<\/ul>\n\n\n<h3 class=\"wp-block-heading\">PRINC\u00cdPIO FUNCIONAL<\/h3>\n\n\n\n<p><strong><strong><strong>Uma caracter\u00edstica importante das arruelas de travamento por cunha deslizantes HEICO-LOCK<sup>\u00ae<\/sup>, distinguindo-as de outros sistemas que est\u00e3o dispon\u00edveis, \u00e9 a fixa\u00e7\u00e3o do parafuso usando for\u00e7a de pr\u00e9-carga em vez de atrito.<\/strong><\/strong><\/strong><\/p>\n\n\n\n<ul class=\"wp-block-list\">\n<li>Cames em forma de cunha no interior das arruelas de travamento por cunha, e os dentes externos radiais no exterior.<\/li>\n\n\n\n<li>Inser\u00e7\u00e3o de interbloqueio dos dentes radias com a respectiva superf\u00edcie correspondente (quando aperta a junta aparafusada).<\/li>\n\n\n\n<li>O movimento do sistema \u00e9 somente poss\u00edvel entre os cames internos em forma de cunha.<\/li>\n\n\n\n<li>Os movimentos atrav\u00e9s dessas superf\u00edcies em forma de cunha efetivamente auto-trava o parafuso.<\/li>\n\n\n\n<li>Aumento na for\u00e7a de fixa\u00e7\u00e3o<\/li>\n<\/ul>\n\n\n\n<div id=\"wp-block-themeisle-blocks-button-group-a842de16\" class=\"wp-block-themeisle-blocks-button-group wp-block-buttons\">\n<div id=\"wp-block-themeisle-blocks-button-c8374d6b\" class=\"wp-block-themeisle-blocks-button wp-block-button\"><a href=\"https:\/\/proffixo.com.br\/wp-content\/uploads\/2025\/11\/Catalogo-Arruelas-HEICO-LOCK.pdf\" target=\"_self\" rel=\"noopener noreferrer\" class=\"wp-block-button__link\"><span><mark style=\"background-color:rgba(0, 0, 0, 0)\" class=\"has-inline-color has-luminous-vivid-amber-color\">Baixar<\/mark> <mark style=\"background-color:rgba(0, 0, 0, 0)\" class=\"has-inline-color has-luminous-vivid-amber-color\">PDF<\/mark><\/span><\/a><\/div>\n<\/div>\n\n\n\n<p><\/p>\n","protected":false},"excerpt":{"rendered":"<p>HEICO-LOCK\u00ae Arruelas de travamento por cunha Mesmo sob condi\u00e7\u00f5es extremas de vibra\u00e7\u00e3o ou cargas din\u00e2micas, o HEICO-LOCK\u00ae, o Sistema de Travamento por Cunha fornece o m\u00e1ximo de confiabilidade. Quando o parafuso \u00e9 fixado, os dentes radiais externos do Sistema de travamento por cunha da HEICO-LOCK\u00ae inseridos neles mesmos, funcionam em uma forma de interbloqueio com [&hellip;]<\/p>\n","protected":false},"author":1,"featured_media":0,"parent":0,"menu_order":0,"comment_status":"closed","ping_status":"closed","template":"","meta":{"_themeisle_gutenberg_block_has_review":false,"footnotes":""},"class_list":["post-6356","page","type-page","status-publish","hentry"],"_links":{"self":[{"href":"https:\/\/proffixo.com.br\/index.php\/wp-json\/wp\/v2\/pages\/6356","targetHints":{"allow":["GET"]}}],"collection":[{"href":"https:\/\/proffixo.com.br\/index.php\/wp-json\/wp\/v2\/pages"}],"about":[{"href":"https:\/\/proffixo.com.br\/index.php\/wp-json\/wp\/v2\/types\/page"}],"author":[{"embeddable":true,"href":"https:\/\/proffixo.com.br\/index.php\/wp-json\/wp\/v2\/users\/1"}],"replies":[{"embeddable":true,"href":"https:\/\/proffixo.com.br\/index.php\/wp-json\/wp\/v2\/comments?post=6356"}],"version-history":[{"count":20,"href":"https:\/\/proffixo.com.br\/index.php\/wp-json\/wp\/v2\/pages\/6356\/revisions"}],"predecessor-version":[{"id":7077,"href":"https:\/\/proffixo.com.br\/index.php\/wp-json\/wp\/v2\/pages\/6356\/revisions\/7077"}],"wp:attachment":[{"href":"https:\/\/proffixo.com.br\/index.php\/wp-json\/wp\/v2\/media?parent=6356"}],"curies":[{"name":"wp","href":"https:\/\/api.w.org\/{rel}","templated":true}]}}