{"id":6519,"date":"2025-11-07T09:16:33","date_gmt":"2025-11-07T12:16:33","guid":{"rendered":"https:\/\/proffixo.com.br\/?page_id=6519"},"modified":"2025-11-07T10:38:53","modified_gmt":"2025-11-07T13:38:53","slug":"resatec-ltd-s","status":"publish","type":"page","link":"https:\/\/proffixo.com.br\/index.php\/resatec-ltd-s\/","title":{"rendered":"RESATEC LTD-S"},"content":{"rendered":"\n<h3 class=\"wp-block-heading has-text-align-center\"><mark style=\"background-color:rgba(0, 0, 0, 0);color:#898888\" class=\"has-inline-color\">UNIDADE DE SUSPENS\u00c3O DE BORRACHA <\/mark>TIPO LTD-S<\/h3>\n\n\n\n<p><\/p>\n\n\n\n<div id=\"wp-block-themeisle-blocks-advanced-columns-deb0c646\" class=\"wp-block-themeisle-blocks-advanced-columns has-2-columns has-desktop-oneTwo-layout has-tablet-equal-layout has-mobile-collapsedRows-layout has-vertical-unset\"><div class=\"wp-block-themeisle-blocks-advanced-columns-overlay\"><\/div><div class=\"innerblocks-wrap\">\n<div id=\"wp-block-themeisle-blocks-advanced-column-a01936b5\" class=\"wp-block-themeisle-blocks-advanced-column\">\n<figure class=\"wp-block-gallery has-nested-images columns-default is-cropped wp-block-gallery-1 is-layout-flex wp-block-gallery-is-layout-flex\">\n<figure data-wp-context=\"{&quot;imageId&quot;:&quot;69e4fd0d84175&quot;}\" data-wp-interactive=\"core\/image\" data-wp-key=\"69e4fd0d84175\" class=\"wp-block-image size-full wp-lightbox-container\"><img loading=\"lazy\" decoding=\"async\" width=\"376\" height=\"250\" data-wp-class--hide=\"state.isContentHidden\" data-wp-class--show=\"state.isContentVisible\" data-wp-init=\"callbacks.setButtonStyles\" data-wp-on--click=\"actions.showLightbox\" data-wp-on--load=\"callbacks.setButtonStyles\" data-wp-on-window--resize=\"callbacks.setButtonStyles\" data-id=\"6522\" src=\"https:\/\/proffixo.com.br\/wp-content\/uploads\/2025\/11\/PROFFIXO-PFX-15-edited-1.jpg\" alt=\"\" class=\"wp-image-6522\" srcset=\"https:\/\/proffixo.com.br\/wp-content\/uploads\/2025\/11\/PROFFIXO-PFX-15-edited-1.jpg 376w, https:\/\/proffixo.com.br\/wp-content\/uploads\/2025\/11\/PROFFIXO-PFX-15-edited-1-300x199.jpg 300w\" sizes=\"auto, (max-width: 376px) 100vw, 376px\" \/><button\n\t\t\tclass=\"lightbox-trigger\"\n\t\t\ttype=\"button\"\n\t\t\taria-haspopup=\"dialog\"\n\t\t\taria-label=\"Ampliar\"\n\t\t\tdata-wp-init=\"callbacks.initTriggerButton\"\n\t\t\tdata-wp-on--click=\"actions.showLightbox\"\n\t\t\tdata-wp-style--right=\"state.imageButtonRight\"\n\t\t\tdata-wp-style--top=\"state.imageButtonTop\"\n\t\t>\n\t\t\t<svg xmlns=\"http:\/\/www.w3.org\/2000\/svg\" width=\"12\" height=\"12\" fill=\"none\" viewBox=\"0 0 12 12\">\n\t\t\t\t<path fill=\"#fff\" d=\"M2 0a2 2 0 0 0-2 2v2h1.5V2a.5.5 0 0 1 .5-.5h2V0H2Zm2 10.5H2a.5.5 0 0 1-.5-.5V8H0v2a2 2 0 0 0 2 2h2v-1.5ZM8 12v-1.5h2a.5.5 0 0 0 .5-.5V8H12v2a2 2 0 0 1-2 2H8Zm2-12a2 2 0 0 1 2 2v2h-1.5V2a.5.5 0 0 0-.5-.5H8V0h2Z\" \/>\n\t\t\t<\/svg>\n\t\t<\/button><\/figure>\n<\/figure>\n<\/div>\n\n\n\n<div id=\"wp-block-themeisle-blocks-advanced-column-8ab84a21\" class=\"wp-block-themeisle-blocks-advanced-column\">\n<\/p>\n<p style=\"text-align: left;\"><span dir=\"auto\">O perfil interno TIPO\u00a0<\/span><b><span dir=\"auto\">S<\/span><\/b><span dir=\"auto\">\u00a0permite uma conex\u00e3o por encaixe. A profundidade de inser\u00e7\u00e3o do quadrado deve ser de, no m\u00ednimo, 1,8 vezes a se\u00e7\u00e3o transversal do material (dimens\u00e3o n). Os quadrados devem ser fabricados em a\u00e7o brilhante com toler\u00e2ncia h11 e bordas facetadas.<\/span><br \/><span dir=\"auto\">O elemento duplo \u00e9 utilizado para a realiza\u00e7\u00e3o de circuitos em s\u00e9rie ou em paralelo.<\/span><br \/><span dir=\"auto\">Dispon\u00edvel apenas sob encomenda.<\/span><\/p>\n<\/div>\n<\/div><\/div>\n\n\n\n<div id=\"wp-block-themeisle-blocks-button-group-2bbedefc\" class=\"wp-block-themeisle-blocks-button-group wp-block-buttons\">\n<div id=\"wp-block-themeisle-blocks-button-75556a43\" class=\"wp-block-themeisle-blocks-button wp-block-button\"><a href=\"https:\/\/proffixo.com.br\/wp-content\/uploads\/2025\/10\/LTD-S.pdf\" target=\"_self\" rel=\"noopener noreferrer\" class=\"wp-block-button__link\"><span><mark style=\"background-color:rgba(0, 0, 0, 0)\" class=\"has-inline-color has-luminous-vivid-amber-color\"><strong>Baixar PDF<\/strong><\/mark><\/span><\/a><\/div>\n<\/div>\n","protected":false},"excerpt":{"rendered":"<p>UNIDADE DE SUSPENS\u00c3O DE BORRACHA TIPO LTD-S<\/p>\n","protected":false},"author":1,"featured_media":0,"parent":0,"menu_order":0,"comment_status":"closed","ping_status":"closed","template":"","meta":{"_themeisle_gutenberg_block_has_review":false,"footnotes":""},"class_list":["post-6519","page","type-page","status-publish","hentry"],"_links":{"self":[{"href":"https:\/\/proffixo.com.br\/index.php\/wp-json\/wp\/v2\/pages\/6519","targetHints":{"allow":["GET"]}}],"collection":[{"href":"https:\/\/proffixo.com.br\/index.php\/wp-json\/wp\/v2\/pages"}],"about":[{"href":"https:\/\/proffixo.com.br\/index.php\/wp-json\/wp\/v2\/types\/page"}],"author":[{"embeddable":true,"href":"https:\/\/proffixo.com.br\/index.php\/wp-json\/wp\/v2\/users\/1"}],"replies":[{"embeddable":true,"href":"https:\/\/proffixo.com.br\/index.php\/wp-json\/wp\/v2\/comments?post=6519"}],"version-history":[{"count":3,"href":"https:\/\/proffixo.com.br\/index.php\/wp-json\/wp\/v2\/pages\/6519\/revisions"}],"predecessor-version":[{"id":6589,"href":"https:\/\/proffixo.com.br\/index.php\/wp-json\/wp\/v2\/pages\/6519\/revisions\/6589"}],"wp:attachment":[{"href":"https:\/\/proffixo.com.br\/index.php\/wp-json\/wp\/v2\/media?parent=6519"}],"curies":[{"name":"wp","href":"https:\/\/api.w.org\/{rel}","templated":true}]}}