{"id":6736,"date":"2025-11-10T13:32:45","date_gmt":"2025-11-10T16:32:45","guid":{"rendered":"https:\/\/proffixo.com.br\/?page_id=6736"},"modified":"2025-11-10T13:32:45","modified_gmt":"2025-11-10T16:32:45","slug":"resatec-tipo-te-g","status":"publish","type":"page","link":"https:\/\/proffixo.com.br\/index.php\/resatec-tipo-te-g\/","title":{"rendered":"RESATEC TIPO TE-G"},"content":{"rendered":"\n<h3 class=\"wp-block-heading has-text-align-center\"><mark style=\"background-color:rgba(0, 0, 0, 0);color:#8e8e8e\" class=\"has-inline-color\">DISPOSITIVO TENSOR  <\/mark><mark style=\"background-color:rgba(0, 0, 0, 0)\" class=\"has-inline-color has-black-color\">TIPO TE<\/mark>-G<\/h3>\n\n\n\n<p><\/p>\n\n\n\n<div id=\"wp-block-themeisle-blocks-advanced-columns-deb0c646\" class=\"wp-block-themeisle-blocks-advanced-columns has-2-columns has-desktop-oneTwo-layout has-tablet-equal-layout has-mobile-collapsedRows-layout has-vertical-unset\"><div class=\"wp-block-themeisle-blocks-advanced-columns-overlay\"><\/div><div class=\"innerblocks-wrap\">\n<div id=\"wp-block-themeisle-blocks-advanced-column-a01936b5\" class=\"wp-block-themeisle-blocks-advanced-column\">\n<figure class=\"wp-block-gallery has-nested-images columns-default is-cropped wp-block-gallery-1 is-layout-flex wp-block-gallery-is-layout-flex\">\n<figure data-wp-context=\"{&quot;imageId&quot;:&quot;69e4fcf898da8&quot;}\" data-wp-interactive=\"core\/image\" data-wp-key=\"69e4fcf898da8\" class=\"wp-block-image size-full wp-lightbox-container\"><img loading=\"lazy\" decoding=\"async\" width=\"500\" height=\"375\" data-wp-class--hide=\"state.isContentHidden\" data-wp-class--show=\"state.isContentVisible\" data-wp-init=\"callbacks.setButtonStyles\" data-wp-on--click=\"actions.showLightbox\" data-wp-on--load=\"callbacks.setButtonStyles\" data-wp-on-window--resize=\"callbacks.setButtonStyles\" data-id=\"6737\" src=\"https:\/\/proffixo.com.br\/wp-content\/uploads\/2025\/11\/PROFFIXO-PFX-25-edited.jpg\" alt=\"\" class=\"wp-image-6737\" srcset=\"https:\/\/proffixo.com.br\/wp-content\/uploads\/2025\/11\/PROFFIXO-PFX-25-edited.jpg 500w, https:\/\/proffixo.com.br\/wp-content\/uploads\/2025\/11\/PROFFIXO-PFX-25-edited-300x225.jpg 300w\" sizes=\"auto, (max-width: 500px) 100vw, 500px\" \/><button\n\t\t\tclass=\"lightbox-trigger\"\n\t\t\ttype=\"button\"\n\t\t\taria-haspopup=\"dialog\"\n\t\t\taria-label=\"Ampliar\"\n\t\t\tdata-wp-init=\"callbacks.initTriggerButton\"\n\t\t\tdata-wp-on--click=\"actions.showLightbox\"\n\t\t\tdata-wp-style--right=\"state.imageButtonRight\"\n\t\t\tdata-wp-style--top=\"state.imageButtonTop\"\n\t\t>\n\t\t\t<svg xmlns=\"http:\/\/www.w3.org\/2000\/svg\" width=\"12\" height=\"12\" fill=\"none\" viewBox=\"0 0 12 12\">\n\t\t\t\t<path fill=\"#fff\" d=\"M2 0a2 2 0 0 0-2 2v2h1.5V2a.5.5 0 0 1 .5-.5h2V0H2Zm2 10.5H2a.5.5 0 0 1-.5-.5V8H0v2a2 2 0 0 0 2 2h2v-1.5ZM8 12v-1.5h2a.5.5 0 0 0 .5-.5V8H12v2a2 2 0 0 1-2 2H8Zm2-12a2 2 0 0 1 2 2v2h-1.5V2a.5.5 0 0 0-.5-.5H8V0h2Z\" \/>\n\t\t\t<\/svg>\n\t\t<\/button><\/figure>\n<\/figure>\n<\/div>\n\n\n\n<div id=\"wp-block-themeisle-blocks-advanced-column-8ab84a21\" class=\"wp-block-themeisle-blocks-advanced-column\">\n<p>\u00a0<\/p>\n<p style=\"text-align: left;\">O tensionador tipo TE-G foi fabricado para uso em ambientes mais exigentes. A prote\u00e7\u00e3o superficial por galvaniza\u00e7\u00e3o permite sua utiliza\u00e7\u00e3o em situa\u00e7\u00f5es onde um revestimento protetor mais simples n\u00e3o atende \u00e0s suas necessidades, mas n\u00e3o h\u00e1 necessidade de uma estrutura em a\u00e7o inoxid\u00e1vel. Todas as dimens\u00f5es e par\u00e2metros de aplica\u00e7\u00e3o permanecem inalterados.<\/p>\n<\/div>\n<\/div><\/div>\n\n\n\n<div id=\"wp-block-themeisle-blocks-button-group-2bbedefc\" class=\"wp-block-themeisle-blocks-button-group wp-block-buttons\">\n<div id=\"wp-block-themeisle-blocks-button-75556a43\" class=\"wp-block-themeisle-blocks-button wp-block-button\"><a href=\"https:\/\/proffixo.com.br\/wp-content\/uploads\/2025\/11\/RESATEC-TIPO-TE.pdf\" target=\"_self\" rel=\"noopener noreferrer\" class=\"wp-block-button__link\"><span><mark style=\"background-color:rgba(0, 0, 0, 0)\" class=\"has-inline-color has-luminous-vivid-amber-color\"><strong>Baixar PDF<\/strong><\/mark><\/span><\/a><\/div>\n<\/div>\n","protected":false},"excerpt":{"rendered":"<p>DISPOSITIVO TENSOR TIPO TE-G<\/p>\n","protected":false},"author":1,"featured_media":0,"parent":0,"menu_order":0,"comment_status":"closed","ping_status":"closed","template":"","meta":{"_themeisle_gutenberg_block_has_review":false,"footnotes":""},"class_list":["post-6736","page","type-page","status-publish","hentry"],"_links":{"self":[{"href":"https:\/\/proffixo.com.br\/index.php\/wp-json\/wp\/v2\/pages\/6736","targetHints":{"allow":["GET"]}}],"collection":[{"href":"https:\/\/proffixo.com.br\/index.php\/wp-json\/wp\/v2\/pages"}],"about":[{"href":"https:\/\/proffixo.com.br\/index.php\/wp-json\/wp\/v2\/types\/page"}],"author":[{"embeddable":true,"href":"https:\/\/proffixo.com.br\/index.php\/wp-json\/wp\/v2\/users\/1"}],"replies":[{"embeddable":true,"href":"https:\/\/proffixo.com.br\/index.php\/wp-json\/wp\/v2\/comments?post=6736"}],"version-history":[{"count":1,"href":"https:\/\/proffixo.com.br\/index.php\/wp-json\/wp\/v2\/pages\/6736\/revisions"}],"predecessor-version":[{"id":6739,"href":"https:\/\/proffixo.com.br\/index.php\/wp-json\/wp\/v2\/pages\/6736\/revisions\/6739"}],"wp:attachment":[{"href":"https:\/\/proffixo.com.br\/index.php\/wp-json\/wp\/v2\/media?parent=6736"}],"curies":[{"name":"wp","href":"https:\/\/api.w.org\/{rel}","templated":true}]}}