{"id":6769,"date":"2025-11-10T15:34:33","date_gmt":"2025-11-10T18:34:33","guid":{"rendered":"https:\/\/proffixo.com.br\/?page_id=6769"},"modified":"2025-11-10T15:36:26","modified_gmt":"2025-11-10T18:36:26","slug":"6769-2","status":"publish","type":"page","link":"https:\/\/proffixo.com.br\/index.php\/6769-2\/","title":{"rendered":"RESATEC TIPO CH V19"},"content":{"rendered":"\n<h3 class=\"wp-block-heading has-text-align-center\"><mark style=\"background-color:rgba(0, 0, 0, 0);color:#8e8e8e\" class=\"has-inline-color\">TIPO DE MONTAGEM  <\/mark><mark style=\"background-color:rgba(0, 0, 0, 0)\" class=\"has-inline-color has-black-color\">TIPO CH V19<\/mark> <\/h3>\n\n\n\n<p><\/p>\n\n\n\n<div id=\"wp-block-themeisle-blocks-advanced-columns-deb0c646\" class=\"wp-block-themeisle-blocks-advanced-columns has-2-columns has-desktop-oneTwo-layout has-tablet-equal-layout has-mobile-collapsedRows-layout has-vertical-unset\"><div class=\"wp-block-themeisle-blocks-advanced-columns-overlay\"><\/div><div class=\"innerblocks-wrap\">\n<div id=\"wp-block-themeisle-blocks-advanced-column-a01936b5\" class=\"wp-block-themeisle-blocks-advanced-column\">\n<figure class=\"wp-block-gallery has-nested-images columns-default is-cropped wp-block-gallery-1 is-layout-flex wp-block-gallery-is-layout-flex\">\n<figure data-wp-context=\"{&quot;imageId&quot;:&quot;69e4f5b794be0&quot;}\" data-wp-interactive=\"core\/image\" data-wp-key=\"69e4f5b794be0\" class=\"wp-block-image size-full wp-lightbox-container\"><img loading=\"lazy\" decoding=\"async\" width=\"463\" height=\"347\" data-wp-class--hide=\"state.isContentHidden\" data-wp-class--show=\"state.isContentVisible\" data-wp-init=\"callbacks.setButtonStyles\" data-wp-on--click=\"actions.showLightbox\" data-wp-on--load=\"callbacks.setButtonStyles\" data-wp-on-window--resize=\"callbacks.setButtonStyles\" data-id=\"6770\" src=\"https:\/\/proffixo.com.br\/wp-content\/uploads\/2025\/11\/PROFFIXO-PFX-45-edited.jpg\" alt=\"\" class=\"wp-image-6770\" srcset=\"https:\/\/proffixo.com.br\/wp-content\/uploads\/2025\/11\/PROFFIXO-PFX-45-edited.jpg 463w, https:\/\/proffixo.com.br\/wp-content\/uploads\/2025\/11\/PROFFIXO-PFX-45-edited-300x225.jpg 300w\" sizes=\"auto, (max-width: 463px) 100vw, 463px\" \/><button\n\t\t\tclass=\"lightbox-trigger\"\n\t\t\ttype=\"button\"\n\t\t\taria-haspopup=\"dialog\"\n\t\t\taria-label=\"Ampliar\"\n\t\t\tdata-wp-init=\"callbacks.initTriggerButton\"\n\t\t\tdata-wp-on--click=\"actions.showLightbox\"\n\t\t\tdata-wp-style--right=\"state.imageButtonRight\"\n\t\t\tdata-wp-style--top=\"state.imageButtonTop\"\n\t\t>\n\t\t\t<svg xmlns=\"http:\/\/www.w3.org\/2000\/svg\" width=\"12\" height=\"12\" fill=\"none\" viewBox=\"0 0 12 12\">\n\t\t\t\t<path fill=\"#fff\" d=\"M2 0a2 2 0 0 0-2 2v2h1.5V2a.5.5 0 0 1 .5-.5h2V0H2Zm2 10.5H2a.5.5 0 0 1-.5-.5V8H0v2a2 2 0 0 0 2 2h2v-1.5ZM8 12v-1.5h2a.5.5 0 0 0 .5-.5V8H12v2a2 2 0 0 1-2 2H8Zm2-12a2 2 0 0 1 2 2v2h-1.5V2a.5.5 0 0 0-.5-.5H8V0h2Z\" \/>\n\t\t\t<\/svg>\n\t\t<\/button><\/figure>\n<\/figure>\n<\/div>\n\n\n\n<div id=\"wp-block-themeisle-blocks-advanced-column-8ab84a21\" class=\"wp-block-themeisle-blocks-advanced-column\">\n<p><span dir=\"auto\">O novo suporte de tela RESATEC tipo CH-V19 \u00e9 o modelo universal aprimorado da nossa linha de suportes de tamanho 8. Todas as vantagens, como:<\/span><\/p>\n<ul>\n<li><span dir=\"auto\">grandes amplitudes de oscila\u00e7\u00e3o<\/span><\/li>\n<li><span dir=\"auto\">alto efeito isolante<\/span><\/li>\n<li><span dir=\"auto\">alta densidade de pot\u00eancia<\/span><\/li>\n<li><span dir=\"auto\">baixa transmiss\u00e3o de for\u00e7a residual<\/span><\/li>\n<li><span dir=\"auto\">alta resist\u00eancia<\/span>\n<\/li>\n<\/ul>\n<p><span dir=\"auto\">foram aprimoradas com as seguintes propriedades:<\/span><\/p>\n<ul>\n<li><span dir=\"auto\">economia de material<\/span><\/li>\n<li><span dir=\"auto\">redu\u00e7\u00e3o de peso<\/span><\/li>\n<li><span dir=\"auto\">manuten\u00e7\u00e3o reduzida<\/span><\/li>\n<li><span dir=\"auto\">maior resist\u00eancia \u00e0 corros\u00e3o<\/span>\n<\/li>\n<\/ul>\n<p><span dir=\"auto\">Isso possibilitou atender \u00e0 demanda por elementos mais compactos, com maior vida \u00fatil e menor necessidade de manuten\u00e7\u00e3o. Sem comprometer nosso padr\u00e3o de qualidade, equipamos esses elementos tamb\u00e9m com alavancas em ambos os lados.<\/span><\/p>\n<p><span dir=\"auto\">Al\u00e9m disso, por meio da escolha dos materiais, tornamos o elemento n\u00e3o apenas mais leve, mas tamb\u00e9m mais resistente \u00e0s intemp\u00e9ries. Uma distin\u00e7\u00e3o de qualidade que s\u00f3 a RESATEC oferece!<\/span><\/p>\n<\/div>\n<\/div><\/div>\n\n\n\n<div id=\"wp-block-themeisle-blocks-button-group-2bbedefc\" class=\"wp-block-themeisle-blocks-button-group wp-block-buttons\">\n<div id=\"wp-block-themeisle-blocks-button-75556a43\" class=\"wp-block-themeisle-blocks-button wp-block-button\"><a href=\"https:\/\/proffixo.com.br\/wp-content\/uploads\/2025\/11\/Resatec_CH_V19_2024.pdf\" target=\"_self\" rel=\"noopener noreferrer\" class=\"wp-block-button__link\"><span><mark style=\"background-color:rgba(0, 0, 0, 0)\" class=\"has-inline-color has-luminous-vivid-amber-color\"><strong>Baixar PDF<\/strong><\/mark><\/span><\/a><\/div>\n<\/div>\n","protected":false},"excerpt":{"rendered":"<p>TIPO DE MONTAGEM TIPO CH V19<\/p>\n","protected":false},"author":1,"featured_media":0,"parent":0,"menu_order":0,"comment_status":"closed","ping_status":"closed","template":"","meta":{"_themeisle_gutenberg_block_has_review":false,"footnotes":""},"class_list":["post-6769","page","type-page","status-publish","hentry"],"_links":{"self":[{"href":"https:\/\/proffixo.com.br\/index.php\/wp-json\/wp\/v2\/pages\/6769","targetHints":{"allow":["GET"]}}],"collection":[{"href":"https:\/\/proffixo.com.br\/index.php\/wp-json\/wp\/v2\/pages"}],"about":[{"href":"https:\/\/proffixo.com.br\/index.php\/wp-json\/wp\/v2\/types\/page"}],"author":[{"embeddable":true,"href":"https:\/\/proffixo.com.br\/index.php\/wp-json\/wp\/v2\/users\/1"}],"replies":[{"embeddable":true,"href":"https:\/\/proffixo.com.br\/index.php\/wp-json\/wp\/v2\/comments?post=6769"}],"version-history":[{"count":3,"href":"https:\/\/proffixo.com.br\/index.php\/wp-json\/wp\/v2\/pages\/6769\/revisions"}],"predecessor-version":[{"id":6775,"href":"https:\/\/proffixo.com.br\/index.php\/wp-json\/wp\/v2\/pages\/6769\/revisions\/6775"}],"wp:attachment":[{"href":"https:\/\/proffixo.com.br\/index.php\/wp-json\/wp\/v2\/media?parent=6769"}],"curies":[{"name":"wp","href":"https:\/\/api.w.org\/{rel}","templated":true}]}}