{"id":705,"date":"2025-04-24T09:35:21","date_gmt":"2025-04-24T12:35:21","guid":{"rendered":"https:\/\/proffixo.com.br\/?page_id=705"},"modified":"2026-01-26T17:27:01","modified_gmt":"2026-01-26T20:27:01","slug":"empresa","status":"publish","type":"page","link":"https:\/\/proffixo.com.br\/index.php\/empresa\/","title":{"rendered":"Empresa"},"content":{"rendered":"\n<h2 class=\"wp-block-heading has-text-align-left o-typing-delay-500ms o-typing-slow\"><\/h2>\n\n\n\n<blockquote class=\"wp-block-quote is-layout-flow wp-block-quote-is-layout-flow\">\n<h2 class=\"wp-block-heading has-text-align-left o-typing-delay-500ms o-typing-slow\"><span class=\"highlight\"><mark style=\"background-color:rgba(0, 0, 0, 0)\" class=\"has-inline-color has-luminous-vivid-amber-color\"><o-anim-typing>Muito prazer, n\u00f3s somos a PROFFIXO.<\/o-anim-typing><\/mark><\/span><\/h2>\n<\/blockquote>\n\n\n\n<p class=\"has-text-align-left\"><strong>Veja na linha do tempo fatos importantes, curiosidades e acompanhe a trajet\u00f3ria da empresa desde sua funda\u00e7\u00e3o.<\/strong><\/p>\n\n\n\n<div id=\"wp-block-themeisle-blocks-timeline-741bae43\" class=\"wp-block-themeisle-blocks-timeline\"><div class=\"o-timeline-root\">\n<div id=\"wp-block-themeisle-blocks-timeline-item-58cff65f\" class=\"wp-block-themeisle-blocks-timeline-item\"><div class=\"o-timeline-container\"><div class=\"o-timeline-icon\"><i class=\"fas fa-circle\"><\/i><\/div><div class=\"o-timeline-content\">\n<p class=\"has-text-align-center has-small-font-size\">2025<\/p>\n\n\n\n<h3 class=\"wp-block-heading has-text-align-center\">PROFFIXO<\/h3>\n\n\n\n<p class=\"has-text-align-center\">A <strong>PROFFIXO<\/strong> foi fundada com o intuito de trazer <span class=\"highlight\"><mark style=\"background-color:rgba(0, 0, 0, 0);color:#f5bc23\" class=\"has-inline-color\"><strong>Solu\u00e7\u00f5es Personalizadas<\/strong><\/mark><\/span> ao mercado de trabalho, direcionada a produ\u00e7\u00e3o de <strong><mark style=\"background-color:rgba(0, 0, 0, 0)\" class=\"has-inline-color has-luminous-vivid-amber-color\">Levantadores Mec\u00e2nicos<\/mark> <\/strong>e a comercializa\u00e7\u00e3o de produtos de <strong><mark style=\"background-color:rgba(0, 0, 0, 0)\" class=\"has-inline-color has-luminous-vivid-amber-color\">Fixa\u00e7\u00e3o e Veda\u00e7\u00e3o.<\/mark><\/strong><\/p>\n\n\n\n<figure data-wp-context=\"{&quot;imageId&quot;:&quot;69e1df0fc84dc&quot;}\" data-wp-interactive=\"core\/image\" data-wp-key=\"69e1df0fc84dc\" class=\"wp-block-image size-full wp-lightbox-container\"><img loading=\"lazy\" decoding=\"async\" width=\"1280\" height=\"708\" data-wp-class--hide=\"state.isContentHidden\" data-wp-class--show=\"state.isContentVisible\" data-wp-init=\"callbacks.setButtonStyles\" data-wp-on--click=\"actions.showLightbox\" data-wp-on--load=\"callbacks.setButtonStyles\" data-wp-on-window--resize=\"callbacks.setButtonStyles\" src=\"https:\/\/proffixo.com.br\/wp-content\/uploads\/2025\/06\/Captura-de-tela-2025-05-26-120350-1-1-Photoroom.png\" alt=\"\" class=\"wp-image-4964\" srcset=\"https:\/\/proffixo.com.br\/wp-content\/uploads\/2025\/06\/Captura-de-tela-2025-05-26-120350-1-1-Photoroom.png 1280w, https:\/\/proffixo.com.br\/wp-content\/uploads\/2025\/06\/Captura-de-tela-2025-05-26-120350-1-1-Photoroom-300x166.png 300w, https:\/\/proffixo.com.br\/wp-content\/uploads\/2025\/06\/Captura-de-tela-2025-05-26-120350-1-1-Photoroom-1024x566.png 1024w, https:\/\/proffixo.com.br\/wp-content\/uploads\/2025\/06\/Captura-de-tela-2025-05-26-120350-1-1-Photoroom-768x425.png 768w\" sizes=\"auto, (max-width: 1280px) 100vw, 1280px\" \/><button\n\t\t\tclass=\"lightbox-trigger\"\n\t\t\ttype=\"button\"\n\t\t\taria-haspopup=\"dialog\"\n\t\t\taria-label=\"Ampliar\"\n\t\t\tdata-wp-init=\"callbacks.initTriggerButton\"\n\t\t\tdata-wp-on--click=\"actions.showLightbox\"\n\t\t\tdata-wp-style--right=\"state.imageButtonRight\"\n\t\t\tdata-wp-style--top=\"state.imageButtonTop\"\n\t\t>\n\t\t\t<svg xmlns=\"http:\/\/www.w3.org\/2000\/svg\" width=\"12\" height=\"12\" fill=\"none\" viewBox=\"0 0 12 12\">\n\t\t\t\t<path fill=\"#fff\" d=\"M2 0a2 2 0 0 0-2 2v2h1.5V2a.5.5 0 0 1 .5-.5h2V0H2Zm2 10.5H2a.5.5 0 0 1-.5-.5V8H0v2a2 2 0 0 0 2 2h2v-1.5ZM8 12v-1.5h2a.5.5 0 0 0 .5-.5V8H12v2a2 2 0 0 1-2 2H8Zm2-12a2 2 0 0 1 2 2v2h-1.5V2a.5.5 0 0 0-.5-.5H8V0h2Z\" \/>\n\t\t\t<\/svg>\n\t\t<\/button><\/figure>\n<\/div><\/div><\/div>\n\n\n\n<div id=\"wp-block-themeisle-blocks-timeline-item-daa2eb08\" class=\"wp-block-themeisle-blocks-timeline-item\"><div class=\"o-timeline-container\"><div class=\"o-timeline-icon\"><i class=\"fas fa-circle\"><\/i><\/div><div class=\"o-timeline-content\">\n<h3 class=\"wp-block-heading has-text-align-center\">Nossa Trajet\u00f3ria <\/h3>\n\n\n\n<p class=\"has-text-align-center\">A <strong>PROFFIXO<\/strong> nasceu da unifica\u00e7\u00e3o de duas empresas:<\/p>\n\n\n<div class=\"wp-block-image\">\n<figure class=\"aligncenter size-full is-resized\"><img loading=\"lazy\" decoding=\"async\" width=\"490\" height=\"509\" src=\"https:\/\/proffixo.com.br\/wp-content\/uploads\/2025\/04\/cnb_proff-removebg-preview.png\" alt=\"\" class=\"wp-image-730\" style=\"width:188px;height:auto\" srcset=\"https:\/\/proffixo.com.br\/wp-content\/uploads\/2025\/04\/cnb_proff-removebg-preview.png 490w, https:\/\/proffixo.com.br\/wp-content\/uploads\/2025\/04\/cnb_proff-removebg-preview-289x300.png 289w\" sizes=\"auto, (max-width: 490px) 100vw, 490px\" \/><\/figure>\n<\/div>\n\n\n<p class=\"has-text-align-center\">Essa unifica\u00e7\u00e3o representou um passo significativo para o crescimento e desenvolvimento de ambas empresas, com o intuito de fortalecimento no mercado, oferecendo produtos e servi\u00e7os de maior qualidade e inova\u00e7\u00e3o.<\/p>\n\n\n\n<p><\/p>\n\n\n\n<p class=\"has-text-align-center\"><\/p>\n\n\n\n<p class=\"has-text-align-center\"><\/p>\n<\/div><\/div><\/div>\n\n\n\n<div id=\"wp-block-themeisle-blocks-timeline-item-ef140b48\" class=\"wp-block-themeisle-blocks-timeline-item\"><div class=\"o-timeline-container\"><div class=\"o-timeline-icon\"><i class=\"fas fa-circle\"><\/i><\/div><div class=\"o-timeline-content\"><div class=\"wp-block-image\">\n<figure class=\"aligncenter size-full is-resized\"><img loading=\"lazy\" decoding=\"async\" width=\"270\" height=\"132\" src=\"https:\/\/proffixo.com.br\/wp-content\/uploads\/2025\/04\/cabecalho-removebg-preview-1.png\" alt=\"\" class=\"wp-image-721\" style=\"width:96px;height:auto\"\/><\/figure>\n<\/div>\n\n\n<p><\/p>\n\n\n\n<p class=\"has-text-align-center\"><strong>PROFF Ind\u00fastria e Com\u00e9rcio de Equipamentos Mec\u00e2nicos LTDA<\/strong><\/p>\n\n\n\n<p class=\"has-text-align-left\">A <strong>Proff<\/strong> atua no segmento de equipamentos mec\u00e2nicos, desenvolvendo projetos inovadores e de alta qualidade, fundamentados em criteriosos estudos t\u00e9cnicos. Entre suas solu\u00e7\u00f5es, destaca-se o <strong>Levantador Mec\u00e2nico Modulado<\/strong>, um projeto exclusivo que permite ao cliente definir a configura\u00e7\u00e3o de montagem, os acess\u00f3rios e o curso de atua\u00e7\u00e3o.<\/p>\n\n\n\n<p class=\"has-text-align-left\">Esse conceito garante que, ao final do processo, o cliente receba um produto totalmente adequado \u00e0s suas necessidades. Desenvolvido por engenheiros especializados, o Levantador Mec\u00e2nico da Proff atende a uma ampla variedade de cargas espec\u00edficas, oferecendo <strong>solidez, efici\u00eancia e flexibilidade de montagem<\/strong>, possibilitando a escolha da configura\u00e7\u00e3o ideal para cada aplica\u00e7\u00e3o.<\/p>\n\n\n\n<p><\/p>\n<\/div><\/div><\/div>\n\n\n\n<div id=\"wp-block-themeisle-blocks-timeline-item-6e5060c1\" class=\"wp-block-themeisle-blocks-timeline-item\"><div class=\"o-timeline-container\"><div class=\"o-timeline-icon\"><i class=\"fas fa-circle\"><\/i><\/div><div class=\"o-timeline-content\"><div class=\"wp-block-image\">\n<figure class=\"aligncenter size-full is-resized\"><img loading=\"lazy\" decoding=\"async\" width=\"800\" height=\"416\" src=\"https:\/\/proffixo.com.br\/wp-content\/uploads\/2025\/04\/LOGO-CNBFIX-MENOR.png\" alt=\"\" class=\"wp-image-718\" style=\"width:121px;height:auto\" srcset=\"https:\/\/proffixo.com.br\/wp-content\/uploads\/2025\/04\/LOGO-CNBFIX-MENOR.png 800w, https:\/\/proffixo.com.br\/wp-content\/uploads\/2025\/04\/LOGO-CNBFIX-MENOR-300x156.png 300w, https:\/\/proffixo.com.br\/wp-content\/uploads\/2025\/04\/LOGO-CNBFIX-MENOR-768x399.png 768w\" sizes=\"auto, (max-width: 800px) 100vw, 800px\" \/><\/figure>\n<\/div>\n\n\n<p class=\"has-text-align-center\"><strong>CNBFIX Com\u00e9rcio de Elementos de Fixa\u00e7\u00e3o e Veda\u00e7\u00e3o LTDA <\/strong><\/p>\n\n\n\n<p>A <strong>CNBFIX<\/strong> foi atuante no mercado como provedores de solu\u00e7\u00f5es para m\u00e1quinas e equipamentos de <strong>Veda\u00e7\u00e3o e Fixa\u00e7\u00e3o<\/strong>, oferecendo produtos de qualidade, de origem nacional e importados. Sendo distribuidor oficial da empresa Merkbak e revendedor de marcas renomadas como  Halder, Norelem, Elesa+Ganter entre outros.<\/p>\n\n\n\n<p>Comprometida em atender \u00e0s necessidades e expectativas de seus clientes, a CNBFIX buscou constantemente a melhoria cont\u00ednua de seus processos e o cumprimento rigoroso dos requisitos aplic\u00e1veis consolidando-se como ume empresa confi\u00e1vel e inovadora no setor.<\/p>\n<\/div><\/div><\/div>\n\n\n\n<div id=\"wp-block-themeisle-blocks-timeline-item-d28008b4\" class=\"wp-block-themeisle-blocks-timeline-item\"><div class=\"o-timeline-container\"><div class=\"o-timeline-icon\"><i class=\"fas fa-circle\"><\/i><\/div><div class=\"o-timeline-content\">\n<h3 class=\"wp-block-heading\">Nossa Trajet\u00f3ria <\/h3>\n\n\n\n<p><font style=\"vertical-align: inherit;\"><font style=\"vertical-align: inherit;\">Anna Maria Jung-Buber, a CEO da <strong>PROFF<\/strong> e<strong> CNBFIX<\/strong> decidi unificar as empresas, nascendo assim a <strong>PROFFIXO.<\/strong><\/font><\/font><\/p>\n\n\n<div class=\"wp-block-image\">\n<figure class=\"aligncenter size-large is-resized\"><img loading=\"lazy\" decoding=\"async\" width=\"1024\" height=\"576\" src=\"https:\/\/proffixo.com.br\/wp-content\/uploads\/2025\/04\/PROFFIXO-LOGO-1024x576.png\" alt=\"\" class=\"wp-image-726\" style=\"width:213px;height:auto\" srcset=\"https:\/\/proffixo.com.br\/wp-content\/uploads\/2025\/04\/PROFFIXO-LOGO-1024x576.png 1024w, https:\/\/proffixo.com.br\/wp-content\/uploads\/2025\/04\/PROFFIXO-LOGO-300x169.png 300w, https:\/\/proffixo.com.br\/wp-content\/uploads\/2025\/04\/PROFFIXO-LOGO-768x432.png 768w, https:\/\/proffixo.com.br\/wp-content\/uploads\/2025\/04\/PROFFIXO-LOGO-1536x864.png 1536w, https:\/\/proffixo.com.br\/wp-content\/uploads\/2025\/04\/PROFFIXO-LOGO.png 1920w\" sizes=\"auto, (max-width: 1024px) 100vw, 1024px\" \/><\/figure>\n<\/div>\n\n\n<p class=\"has-text-align-left\">Com base em sua s\u00f3lida experi\u00eancia no mercado, a empresa promoveu um<mark style=\"background-color:rgba(0, 0, 0, 0)\" class=\"has-inline-color has-black-color\">a <strong>transforma\u00e7\u00e3o em sua identidade de marca (branding)<\/strong>,<\/mark> refor\u00e7ando o compromisso com a <strong><mark style=\"background-color:rgba(0, 0, 0, 0)\" class=\"has-inline-color has-black-color\">excel\u00eancia, a inova\u00e7\u00e3o e a satisfa\u00e7\u00e3o de seus clientes<\/mark><\/strong>. Essa renova\u00e7\u00e3o fortalece sua posi\u00e7\u00e3o no setor e simboliza o in\u00edcio de uma <mark style=\"background-color:rgba(0, 0, 0, 0)\" class=\"has-inline-color has-black-color\"><strong>nova fase em sua trajet\u00f3ria<\/strong>,<\/mark> marcada pela evolu\u00e7\u00e3o cont\u00ednua e pela busca de resultados ainda mais relevantes na ind\u00fastria.<\/p>\n<\/div><\/div><\/div>\n\n\n\n<div id=\"wp-block-themeisle-blocks-timeline-item-a3c9be6a\" class=\"wp-block-themeisle-blocks-timeline-item\"><div class=\"o-timeline-container\"><div class=\"o-timeline-icon\"><i class=\"fas fa-circle\"><\/i><\/div><div class=\"o-timeline-content\">\n<p class=\"has-small-font-size\"><\/p>\n\n\n\n<p>A<strong> PROFFIXO<\/strong> \u00e9 uma empresa independente que nasceu com o prop\u00f3sito de dar continuidade a um legado de s\u00f3lida experi\u00eancia no setor industrial.<\/p>\n\n\n\n<p>Atendemos desde pequenas ind\u00fastrias at\u00e9 grandes corpora\u00e7\u00f5es, oferecendo <mark style=\"background-color:rgba(0, 0, 0, 0);color:#f5bc23\" class=\"has-inline-color\"><strong>solu\u00e7\u00f5es personalizadas<\/strong>, <\/mark><mark style=\"background-color:rgba(0, 0, 0, 0)\" class=\"has-inline-color has-black-color\">com <strong>agilidade nas entregas<\/strong><\/mark> e <mark style=\"background-color:rgba(0, 0, 0, 0)\" class=\"has-inline-color has-black-color\"><strong>alto padr\u00e3o t\u00e9cnico<\/strong>.<\/mark> Nossa miss\u00e3o \u00e9 fornecer produtos que garantam <mark style=\"background-color:rgba(0, 0, 0, 0)\" class=\"has-inline-color has-black-color\"><strong>efici\u00eancia operacional, seguran\u00e7a e durabilidade<\/strong>,<\/mark> contribuindo diretamente para o desempenho e a produtividade dos nossos clientes.<\/p>\n\n\n\n<p>Estamos preparados para compreender suas demandas e indicar as<mark style=\"background-color:rgba(0, 0, 0, 0);color:#f5bc23\" class=\"has-inline-color\"> <\/mark><strong><mark style=\"background-color:rgba(0, 0, 0, 0)\" class=\"has-inline-color has-black-color\">solu\u00e7\u00f5es t\u00e9cnicas mais adequadas<\/mark><\/strong> para a sua opera\u00e7\u00e3o, consolidando parcerias baseadas em confian\u00e7a, qualidade e resultados.<\/p>\n\n\n\n<p><\/p>\n\n\n\n<p><\/p>\n<\/div><\/div><\/div>\n<\/div><\/div>\n\n\n\n<div id=\"wp-block-themeisle-blocks-advanced-columns-18233a1e\" class=\"wp-block-themeisle-blocks-advanced-columns has-1-columns has-desktop-equal-layout has-tablet-equal-layout has-mobile-collapsedRows-layout has-vertical-unset\"><div class=\"wp-block-themeisle-blocks-advanced-columns-overlay\"><\/div><div class=\"innerblocks-wrap\">\n<div id=\"wp-block-themeisle-blocks-advanced-column-1449b716\" class=\"wp-block-themeisle-blocks-advanced-column\">\n<p><\/p>\n<\/div>\n<\/div><\/div>\n\n\n\n<p><\/p>\n\n\n<div class=\"wp-block-image\">\n<figure class=\"aligncenter size-full is-resized\"><img loading=\"lazy\" decoding=\"async\" width=\"500\" height=\"500\" src=\"https:\/\/proffixo.com.br\/wp-content\/uploads\/2025\/09\/PFX-ICONE-PNG.png\" alt=\"\" class=\"wp-image-5933\" style=\"width:200px;height:auto\" srcset=\"https:\/\/proffixo.com.br\/wp-content\/uploads\/2025\/09\/PFX-ICONE-PNG.png 500w, https:\/\/proffixo.com.br\/wp-content\/uploads\/2025\/09\/PFX-ICONE-PNG-300x300.png 300w, https:\/\/proffixo.com.br\/wp-content\/uploads\/2025\/09\/PFX-ICONE-PNG-150x150.png 150w\" sizes=\"auto, (max-width: 500px) 100vw, 500px\" \/><\/figure>\n<\/div>","protected":false},"excerpt":{"rendered":"<p>Muito prazer, n\u00f3s somos a PROFFIXO. Veja na linha do tempo fatos importantes, curiosidades e acompanhe a trajet\u00f3ria da empresa desde sua funda\u00e7\u00e3o.<\/p>\n","protected":false},"author":1,"featured_media":0,"parent":0,"menu_order":0,"comment_status":"closed","ping_status":"closed","template":"","meta":{"_themeisle_gutenberg_block_has_review":false,"footnotes":""},"class_list":["post-705","page","type-page","status-publish","hentry"],"_links":{"self":[{"href":"https:\/\/proffixo.com.br\/index.php\/wp-json\/wp\/v2\/pages\/705","targetHints":{"allow":["GET"]}}],"collection":[{"href":"https:\/\/proffixo.com.br\/index.php\/wp-json\/wp\/v2\/pages"}],"about":[{"href":"https:\/\/proffixo.com.br\/index.php\/wp-json\/wp\/v2\/types\/page"}],"author":[{"embeddable":true,"href":"https:\/\/proffixo.com.br\/index.php\/wp-json\/wp\/v2\/users\/1"}],"replies":[{"embeddable":true,"href":"https:\/\/proffixo.com.br\/index.php\/wp-json\/wp\/v2\/comments?post=705"}],"version-history":[{"count":72,"href":"https:\/\/proffixo.com.br\/index.php\/wp-json\/wp\/v2\/pages\/705\/revisions"}],"predecessor-version":[{"id":7763,"href":"https:\/\/proffixo.com.br\/index.php\/wp-json\/wp\/v2\/pages\/705\/revisions\/7763"}],"wp:attachment":[{"href":"https:\/\/proffixo.com.br\/index.php\/wp-json\/wp\/v2\/media?parent=705"}],"curies":[{"name":"wp","href":"https:\/\/api.w.org\/{rel}","templated":true}]}}